{"id":1546,"date":"2024-10-10T10:21:48","date_gmt":"2024-10-10T08:21:48","guid":{"rendered":"https:\/\/musakitchenhub.se\/product\/alu-brushed-black\/"},"modified":"2024-10-10T10:21:48","modified_gmt":"2024-10-10T08:21:48","slug":"alu-brushed-black","status":"publish","type":"product","link":"https:\/\/musakitchenhub.se\/sv\/product\/alu-brushed-black\/","title":{"rendered":"Alu Brushed Black"},"content":{"rendered":"<p>En del av kollektionen Elements, d\u00e4r naturens grundmaterial tolkas p\u00e5 nytt och metallens uttrycksfullhet st\u00e5r i fokus. Alu Brushed Black \u00e4r ett metalliskt laminat med ett borst\u00acmatt ytskikt i aluminium, i en djup m\u00f6rkgr\u00e5 ton som utstr\u00e5lar ren elegans och modern styrka.<\/p>\n","protected":false},"excerpt":{"rendered":"<p><a href=\"https:\/\/www.homapal.com\/decor\/441-alu-brushed-natural-srm\/\" target=\"_blank\" rel=\"noopener\">Mer information p\u00e5 varum\u00e4rkets webbplats<\/a><\/p>\n","protected":false},"featured_media":1388,"template":"","meta":{"_monsterinsights_skip_tracking":false,"_monsterinsights_sitenote_active":false,"_monsterinsights_sitenote_note":"","_monsterinsights_sitenote_category":0},"product_brand":[],"product_cat":[50],"product_tag":[],"class_list":{"0":"post-1546","1":"product","2":"type-product","3":"status-publish","4":"has-post-thumbnail","6":"product_cat-homapal-sv","8":"first","9":"instock","10":"shipping-taxable","11":"purchasable","12":"product-type-simple"},"_links":{"self":[{"href":"https:\/\/musakitchenhub.se\/sv\/wp-json\/wp\/v2\/product\/1546","targetHints":{"allow":["GET"]}}],"collection":[{"href":"https:\/\/musakitchenhub.se\/sv\/wp-json\/wp\/v2\/product"}],"about":[{"href":"https:\/\/musakitchenhub.se\/sv\/wp-json\/wp\/v2\/types\/product"}],"version-history":[{"count":0,"href":"https:\/\/musakitchenhub.se\/sv\/wp-json\/wp\/v2\/product\/1546\/revisions"}],"wp:featuredmedia":[{"embeddable":true,"href":"https:\/\/musakitchenhub.se\/sv\/wp-json\/wp\/v2\/media\/1388"}],"wp:attachment":[{"href":"https:\/\/musakitchenhub.se\/sv\/wp-json\/wp\/v2\/media?parent=1546"}],"wp:term":[{"taxonomy":"product_brand","embeddable":true,"href":"https:\/\/musakitchenhub.se\/sv\/wp-json\/wp\/v2\/product_brand?post=1546"},{"taxonomy":"product_cat","embeddable":true,"href":"https:\/\/musakitchenhub.se\/sv\/wp-json\/wp\/v2\/product_cat?post=1546"},{"taxonomy":"product_tag","embeddable":true,"href":"https:\/\/musakitchenhub.se\/sv\/wp-json\/wp\/v2\/product_tag?post=1546"}],"curies":[{"name":"wp","href":"https:\/\/api.w.org\/{rel}","templated":true}]}}