{"id":1550,"date":"2024-11-29T11:52:41","date_gmt":"2024-11-29T10:52:41","guid":{"rendered":"https:\/\/musakitchenhub.se\/product\/caravella-dark\/"},"modified":"2025-12-02T11:32:21","modified_gmt":"2025-12-02T10:32:21","slug":"caravella-dark","status":"publish","type":"product","link":"https:\/\/musakitchenhub.se\/sv\/product\/caravella-dark\/","title":{"rendered":"Caravella Dark"},"content":{"rendered":"<p>En del av TUET-kollektionen, d\u00e4r textur och karakt\u00e4r st\u00e5r i centrum. Caravella Dark har en djup, m\u00f6rk tr\u00e4ton med markerad \u00e5dring och ribbad yta \u2013 perfekt f\u00f6r att skapa kontrast, struktur och en exklusiv k\u00e4nsla i varje rum. <\/p>\n","protected":false},"excerpt":{"rendered":"<p><a href=\"https:\/\/www.arpaindustriale.com\/en\/ps\/caravella-light\" target=\"_blank\" rel=\"noopener\">Mer information p\u00e5 varum\u00e4rkets webbplats<\/a><\/p>\n<p>&nbsp;<\/p>\n<p><a href=\"https:\/\/sketchfab.com\/models\/9a2f56af0024455d8e0f01e9294cc129\/embed\" target=\"_blank\" rel=\"noopener\">Se produkten i 3D<\/a><\/p>\n","protected":false},"featured_media":1390,"template":"","meta":{"_monsterinsights_skip_tracking":false,"_monsterinsights_sitenote_active":false,"_monsterinsights_sitenote_note":"","_monsterinsights_sitenote_category":0},"product_brand":[],"product_cat":[52],"product_tag":[],"class_list":{"0":"post-1550","1":"product","2":"type-product","3":"status-publish","4":"has-post-thumbnail","6":"product_cat-tuet-by-arpa-sv","8":"first","9":"instock","10":"shipping-taxable","11":"purchasable","12":"product-type-simple"},"_links":{"self":[{"href":"https:\/\/musakitchenhub.se\/sv\/wp-json\/wp\/v2\/product\/1550","targetHints":{"allow":["GET"]}}],"collection":[{"href":"https:\/\/musakitchenhub.se\/sv\/wp-json\/wp\/v2\/product"}],"about":[{"href":"https:\/\/musakitchenhub.se\/sv\/wp-json\/wp\/v2\/types\/product"}],"version-history":[{"count":7,"href":"https:\/\/musakitchenhub.se\/sv\/wp-json\/wp\/v2\/product\/1550\/revisions"}],"predecessor-version":[{"id":2060,"href":"https:\/\/musakitchenhub.se\/sv\/wp-json\/wp\/v2\/product\/1550\/revisions\/2060"}],"wp:featuredmedia":[{"embeddable":true,"href":"https:\/\/musakitchenhub.se\/sv\/wp-json\/wp\/v2\/media\/1390"}],"wp:attachment":[{"href":"https:\/\/musakitchenhub.se\/sv\/wp-json\/wp\/v2\/media?parent=1550"}],"wp:term":[{"taxonomy":"product_brand","embeddable":true,"href":"https:\/\/musakitchenhub.se\/sv\/wp-json\/wp\/v2\/product_brand?post=1550"},{"taxonomy":"product_cat","embeddable":true,"href":"https:\/\/musakitchenhub.se\/sv\/wp-json\/wp\/v2\/product_cat?post=1550"},{"taxonomy":"product_tag","embeddable":true,"href":"https:\/\/musakitchenhub.se\/sv\/wp-json\/wp\/v2\/product_tag?post=1550"}],"curies":[{"name":"wp","href":"https:\/\/api.w.org\/{rel}","templated":true}]}}