{"id":1554,"date":"2024-12-08T17:23:36","date_gmt":"2024-12-08T16:23:36","guid":{"rendered":"https:\/\/musakitchenhub.se\/product\/bianco-dover\/"},"modified":"2025-04-01T16:51:02","modified_gmt":"2025-04-01T14:51:02","slug":"bianco-dover","status":"publish","type":"product","link":"https:\/\/musakitchenhub.se\/sv\/product\/bianco-dover\/","title":{"rendered":"Bianco Dover"},"content":{"rendered":"<p>F\u00f6r att skapa en k\u00e4nsla av b\u00e5de stramhet och v\u00e4rme \u2013 typisk f\u00f6r nordisk design \u2013 lanserade FENIX f\u00e4rgen Bianco Dover. Tonen \u00e4r inspirerad av de ikoniska kritklipporna i engelska Dover och r\u00f6r sig elegant mellan vitt och gr\u00e5tt i varum\u00e4rkets f\u00e4rgpalett.<\/p>\n","protected":false},"excerpt":{"rendered":"<p><a href=\"https:\/\/fenixforinteriors.com\/en-GB\/fenix\/bianco-dover\" target=\"_blank\" rel=\"noopener\">Mer information p\u00e5 varum\u00e4rkets webbplats<\/a><\/p>\n","protected":false},"featured_media":1403,"template":"","meta":{"_monsterinsights_skip_tracking":false,"_monsterinsights_sitenote_active":false,"_monsterinsights_sitenote_note":"","_monsterinsights_sitenote_category":0},"product_brand":[],"product_cat":[51],"product_tag":[],"class_list":{"0":"post-1554","1":"product","2":"type-product","3":"status-publish","4":"has-post-thumbnail","6":"product_cat-fenix-sv","8":"first","9":"instock","10":"virtual","11":"purchasable","12":"product-type-simple"},"_links":{"self":[{"href":"https:\/\/musakitchenhub.se\/sv\/wp-json\/wp\/v2\/product\/1554","targetHints":{"allow":["GET"]}}],"collection":[{"href":"https:\/\/musakitchenhub.se\/sv\/wp-json\/wp\/v2\/product"}],"about":[{"href":"https:\/\/musakitchenhub.se\/sv\/wp-json\/wp\/v2\/types\/product"}],"version-history":[{"count":1,"href":"https:\/\/musakitchenhub.se\/sv\/wp-json\/wp\/v2\/product\/1554\/revisions"}],"predecessor-version":[{"id":1632,"href":"https:\/\/musakitchenhub.se\/sv\/wp-json\/wp\/v2\/product\/1554\/revisions\/1632"}],"wp:featuredmedia":[{"embeddable":true,"href":"https:\/\/musakitchenhub.se\/sv\/wp-json\/wp\/v2\/media\/1403"}],"wp:attachment":[{"href":"https:\/\/musakitchenhub.se\/sv\/wp-json\/wp\/v2\/media?parent=1554"}],"wp:term":[{"taxonomy":"product_brand","embeddable":true,"href":"https:\/\/musakitchenhub.se\/sv\/wp-json\/wp\/v2\/product_brand?post=1554"},{"taxonomy":"product_cat","embeddable":true,"href":"https:\/\/musakitchenhub.se\/sv\/wp-json\/wp\/v2\/product_cat?post=1554"},{"taxonomy":"product_tag","embeddable":true,"href":"https:\/\/musakitchenhub.se\/sv\/wp-json\/wp\/v2\/product_tag?post=1554"}],"curies":[{"name":"wp","href":"https:\/\/api.w.org\/{rel}","templated":true}]}}