{"id":1557,"date":"2024-12-09T16:05:15","date_gmt":"2024-12-09T15:05:15","guid":{"rendered":"https:\/\/musakitchenhub.se\/product\/alu-mirror-polished-lava-goldtone\/"},"modified":"2024-12-09T16:05:15","modified_gmt":"2024-12-09T15:05:15","slug":"alu-mirror-polished-lava-goldtone","status":"publish","type":"product","link":"https:\/\/musakitchenhub.se\/sv\/product\/alu-mirror-polished-lava-goldtone\/","title":{"rendered":"Alu Mirror Polished Lava Goldtone"},"content":{"rendered":"<p>En del av Perspectives-kollektionen som erbjuder fantasifulla och livliga ytor med en s\u00e4rskild lockelse. Detta laminat har en spegelpolerad aluminiumyta i gyllene ton med ett lavaliknande m\u00f6nster, vilket skapar en dramatisk och i\u00f6gonfallande effekt.<\/p>\n","protected":false},"excerpt":{"rendered":"<p><a href=\"https:\/\/www.homapal.com\/decor\/471-636-alu-polished-lava-goldtone\/\" target=\"_blank\" rel=\"noopener\">Mer information p\u00e5 varum\u00e4rkets webbplats<\/a><\/p>\n","protected":false},"featured_media":1417,"template":"","meta":{"_monsterinsights_skip_tracking":false,"_monsterinsights_sitenote_active":false,"_monsterinsights_sitenote_note":"","_monsterinsights_sitenote_category":0},"product_brand":[],"product_cat":[50],"product_tag":[],"class_list":{"0":"post-1557","1":"product","2":"type-product","3":"status-publish","4":"has-post-thumbnail","6":"product_cat-homapal-sv","8":"first","9":"instock","10":"shipping-taxable","11":"purchasable","12":"product-type-simple"},"_links":{"self":[{"href":"https:\/\/musakitchenhub.se\/sv\/wp-json\/wp\/v2\/product\/1557","targetHints":{"allow":["GET"]}}],"collection":[{"href":"https:\/\/musakitchenhub.se\/sv\/wp-json\/wp\/v2\/product"}],"about":[{"href":"https:\/\/musakitchenhub.se\/sv\/wp-json\/wp\/v2\/types\/product"}],"version-history":[{"count":0,"href":"https:\/\/musakitchenhub.se\/sv\/wp-json\/wp\/v2\/product\/1557\/revisions"}],"wp:featuredmedia":[{"embeddable":true,"href":"https:\/\/musakitchenhub.se\/sv\/wp-json\/wp\/v2\/media\/1417"}],"wp:attachment":[{"href":"https:\/\/musakitchenhub.se\/sv\/wp-json\/wp\/v2\/media?parent=1557"}],"wp:term":[{"taxonomy":"product_brand","embeddable":true,"href":"https:\/\/musakitchenhub.se\/sv\/wp-json\/wp\/v2\/product_brand?post=1557"},{"taxonomy":"product_cat","embeddable":true,"href":"https:\/\/musakitchenhub.se\/sv\/wp-json\/wp\/v2\/product_cat?post=1557"},{"taxonomy":"product_tag","embeddable":true,"href":"https:\/\/musakitchenhub.se\/sv\/wp-json\/wp\/v2\/product_tag?post=1557"}],"curies":[{"name":"wp","href":"https:\/\/api.w.org\/{rel}","templated":true}]}}