{"id":1584,"date":"2024-12-10T11:38:54","date_gmt":"2024-12-10T10:38:54","guid":{"rendered":"https:\/\/musakitchenhub.se\/product\/giallo-evora\/"},"modified":"2025-04-01T17:04:14","modified_gmt":"2025-04-01T15:04:14","slug":"giallo-evora","status":"publish","type":"product","link":"https:\/\/musakitchenhub.se\/sv\/product\/giallo-evora\/","title":{"rendered":"Giallo Evora"},"content":{"rendered":"<p>Inspirerad av den portugisiska staden \u00c9vora, k\u00e4nd f\u00f6r sina soliga landskap och varma f\u00e4rgpalett, erbjuder Giallo \u00c9vora en livlig gul nyans. Denna f\u00e4rg ger energi och ljus till alla interi\u00f6rer, samtidigt som den beh\u00e5ller FENIX-materialets karakteristiska matta och mjuka k\u00e4nsla. <\/p>\n","protected":false},"excerpt":{"rendered":"<p><a href=\"https:\/\/fenixforinteriors.com\/en-GB\/fenix\/giallo-evora\" target=\"_blank\" rel=\"noopener\">Mer information p\u00e5 varum\u00e4rkets webbplats<\/a><\/p>\n","protected":false},"featured_media":1406,"template":"","meta":{"_monsterinsights_skip_tracking":false,"_monsterinsights_sitenote_active":false,"_monsterinsights_sitenote_note":"","_monsterinsights_sitenote_category":0},"product_brand":[],"product_cat":[51],"product_tag":[],"class_list":{"0":"post-1584","1":"product","2":"type-product","3":"status-publish","4":"has-post-thumbnail","6":"product_cat-fenix-sv","8":"first","9":"instock","10":"shipping-taxable","11":"purchasable","12":"product-type-simple"},"_links":{"self":[{"href":"https:\/\/musakitchenhub.se\/sv\/wp-json\/wp\/v2\/product\/1584","targetHints":{"allow":["GET"]}}],"collection":[{"href":"https:\/\/musakitchenhub.se\/sv\/wp-json\/wp\/v2\/product"}],"about":[{"href":"https:\/\/musakitchenhub.se\/sv\/wp-json\/wp\/v2\/types\/product"}],"version-history":[{"count":1,"href":"https:\/\/musakitchenhub.se\/sv\/wp-json\/wp\/v2\/product\/1584\/revisions"}],"predecessor-version":[{"id":1641,"href":"https:\/\/musakitchenhub.se\/sv\/wp-json\/wp\/v2\/product\/1584\/revisions\/1641"}],"wp:featuredmedia":[{"embeddable":true,"href":"https:\/\/musakitchenhub.se\/sv\/wp-json\/wp\/v2\/media\/1406"}],"wp:attachment":[{"href":"https:\/\/musakitchenhub.se\/sv\/wp-json\/wp\/v2\/media?parent=1584"}],"wp:term":[{"taxonomy":"product_brand","embeddable":true,"href":"https:\/\/musakitchenhub.se\/sv\/wp-json\/wp\/v2\/product_brand?post=1584"},{"taxonomy":"product_cat","embeddable":true,"href":"https:\/\/musakitchenhub.se\/sv\/wp-json\/wp\/v2\/product_cat?post=1584"},{"taxonomy":"product_tag","embeddable":true,"href":"https:\/\/musakitchenhub.se\/sv\/wp-json\/wp\/v2\/product_tag?post=1584"}],"curies":[{"name":"wp","href":"https:\/\/api.w.org\/{rel}","templated":true}]}}