{"id":1586,"date":"2024-12-10T11:40:18","date_gmt":"2024-12-10T10:40:18","guid":{"rendered":"https:\/\/musakitchenhub.se\/product\/verde-comodoro\/"},"modified":"2025-04-01T17:09:34","modified_gmt":"2025-04-01T15:09:34","slug":"verde-comodoro","status":"publish","type":"product","link":"https:\/\/musakitchenhub.se\/sv\/product\/verde-comodoro\/","title":{"rendered":"Verde Comodoro"},"content":{"rendered":"<p>Verde Comodoro erbjuder en djup gr\u00f6n nyans som p\u00e5minner om de rika tonerna i t\u00e4t skog. Denna f\u00e4rg tillf\u00f6r en k\u00e4nsla av lugn och sofistikering, vilket g\u00f6r den idealisk f\u00f6r eleganta och tidl\u00f6sa interi\u00f6rer.<\/p>\n","protected":false},"excerpt":{"rendered":"<p><a href=\"https:\/\/fenixforinteriors.com\/en-GB\/fenix\/verde-comodoro\" target=\"_blank\" rel=\"noopener\">Mer information p\u00e5 varum\u00e4rkets webbplats<\/a><\/p>\n","protected":false},"featured_media":1399,"template":"","meta":{"_monsterinsights_skip_tracking":false,"_monsterinsights_sitenote_active":false,"_monsterinsights_sitenote_note":"","_monsterinsights_sitenote_category":0},"product_brand":[],"product_cat":[51],"product_tag":[],"class_list":{"0":"post-1586","1":"product","2":"type-product","3":"status-publish","4":"has-post-thumbnail","6":"product_cat-fenix-sv","8":"first","9":"instock","10":"shipping-taxable","11":"purchasable","12":"product-type-simple"},"_links":{"self":[{"href":"https:\/\/musakitchenhub.se\/sv\/wp-json\/wp\/v2\/product\/1586","targetHints":{"allow":["GET"]}}],"collection":[{"href":"https:\/\/musakitchenhub.se\/sv\/wp-json\/wp\/v2\/product"}],"about":[{"href":"https:\/\/musakitchenhub.se\/sv\/wp-json\/wp\/v2\/types\/product"}],"version-history":[{"count":1,"href":"https:\/\/musakitchenhub.se\/sv\/wp-json\/wp\/v2\/product\/1586\/revisions"}],"predecessor-version":[{"id":1642,"href":"https:\/\/musakitchenhub.se\/sv\/wp-json\/wp\/v2\/product\/1586\/revisions\/1642"}],"wp:featuredmedia":[{"embeddable":true,"href":"https:\/\/musakitchenhub.se\/sv\/wp-json\/wp\/v2\/media\/1399"}],"wp:attachment":[{"href":"https:\/\/musakitchenhub.se\/sv\/wp-json\/wp\/v2\/media?parent=1586"}],"wp:term":[{"taxonomy":"product_brand","embeddable":true,"href":"https:\/\/musakitchenhub.se\/sv\/wp-json\/wp\/v2\/product_brand?post=1586"},{"taxonomy":"product_cat","embeddable":true,"href":"https:\/\/musakitchenhub.se\/sv\/wp-json\/wp\/v2\/product_cat?post=1586"},{"taxonomy":"product_tag","embeddable":true,"href":"https:\/\/musakitchenhub.se\/sv\/wp-json\/wp\/v2\/product_tag?post=1586"}],"curies":[{"name":"wp","href":"https:\/\/api.w.org\/{rel}","templated":true}]}}