{"id":1600,"date":"2024-12-19T14:57:04","date_gmt":"2024-12-19T13:57:04","guid":{"rendered":"https:\/\/musakitchenhub.se\/product\/terrazzo-dalmato\/"},"modified":"2025-04-01T17:19:53","modified_gmt":"2025-04-01T15:19:53","slug":"terrazzo-dalmato","status":"publish","type":"product","link":"https:\/\/musakitchenhub.se\/sv\/product\/terrazzo-dalmato\/","title":{"rendered":"Terrazzo Dalmato"},"content":{"rendered":"<p>En dj\u00e4rv och distinkt dekor med kontrasterande inslag, inspirerad av traditionell dalmatisk sten, vilket ger en unik karakt\u00e4r till din k\u00f6ksdesign.<\/p>\n","protected":false},"excerpt":{"rendered":"<p><a href=\"https:\/\/www.getacore.com\/en\/\" target=\"_blank\" rel=\"noopener\">Mer information p\u00e5 varum\u00e4rkets webbplats<\/a><\/p>\n","protected":false},"featured_media":1468,"template":"","meta":{"_monsterinsights_skip_tracking":false,"_monsterinsights_sitenote_active":false,"_monsterinsights_sitenote_note":"","_monsterinsights_sitenote_category":0},"product_brand":[],"product_cat":[49],"product_tag":[],"class_list":{"0":"post-1600","1":"product","2":"type-product","3":"status-publish","4":"has-post-thumbnail","6":"product_cat-getacore-sv","8":"first","9":"instock","10":"shipping-taxable","11":"purchasable","12":"product-type-simple"},"_links":{"self":[{"href":"https:\/\/musakitchenhub.se\/sv\/wp-json\/wp\/v2\/product\/1600","targetHints":{"allow":["GET"]}}],"collection":[{"href":"https:\/\/musakitchenhub.se\/sv\/wp-json\/wp\/v2\/product"}],"about":[{"href":"https:\/\/musakitchenhub.se\/sv\/wp-json\/wp\/v2\/types\/product"}],"version-history":[{"count":1,"href":"https:\/\/musakitchenhub.se\/sv\/wp-json\/wp\/v2\/product\/1600\/revisions"}],"predecessor-version":[{"id":1650,"href":"https:\/\/musakitchenhub.se\/sv\/wp-json\/wp\/v2\/product\/1600\/revisions\/1650"}],"wp:featuredmedia":[{"embeddable":true,"href":"https:\/\/musakitchenhub.se\/sv\/wp-json\/wp\/v2\/media\/1468"}],"wp:attachment":[{"href":"https:\/\/musakitchenhub.se\/sv\/wp-json\/wp\/v2\/media?parent=1600"}],"wp:term":[{"taxonomy":"product_brand","embeddable":true,"href":"https:\/\/musakitchenhub.se\/sv\/wp-json\/wp\/v2\/product_brand?post=1600"},{"taxonomy":"product_cat","embeddable":true,"href":"https:\/\/musakitchenhub.se\/sv\/wp-json\/wp\/v2\/product_cat?post=1600"},{"taxonomy":"product_tag","embeddable":true,"href":"https:\/\/musakitchenhub.se\/sv\/wp-json\/wp\/v2\/product_tag?post=1600"}],"curies":[{"name":"wp","href":"https:\/\/api.w.org\/{rel}","templated":true}]}}