{"id":1604,"date":"2024-12-19T15:14:37","date_gmt":"2024-12-19T14:14:37","guid":{"rendered":"https:\/\/musakitchenhub.se\/product\/frosted-carat\/"},"modified":"2025-04-01T16:42:30","modified_gmt":"2025-04-01T14:42:30","slug":"frosted-carat","status":"publish","type":"product","link":"https:\/\/musakitchenhub.se\/sv\/product\/frosted-carat\/","title":{"rendered":"Frosted Carat"},"content":{"rendered":"<p>En ljus och fr\u00e4sch yta med en l\u00e4tt frostig effekt, perfekt f\u00f6r att skapa en modern och inbjudande atmosf\u00e4r i k\u00f6ket.<\/p>\n","protected":false},"excerpt":{"rendered":"<p><a href=\"https:\/\/www.getacore.com\/en\/\" target=\"_blank\" rel=\"noopener\">Mer information p\u00e5 varum\u00e4rkets webbplats<\/a><\/p>\n","protected":false},"featured_media":1470,"template":"","meta":{"_monsterinsights_skip_tracking":false,"_monsterinsights_sitenote_active":false,"_monsterinsights_sitenote_note":"","_monsterinsights_sitenote_category":0},"product_brand":[],"product_cat":[49],"product_tag":[],"class_list":{"0":"post-1604","1":"product","2":"type-product","3":"status-publish","4":"has-post-thumbnail","6":"product_cat-getacore-sv","8":"first","9":"instock","10":"shipping-taxable","11":"purchasable","12":"product-type-simple"},"_links":{"self":[{"href":"https:\/\/musakitchenhub.se\/sv\/wp-json\/wp\/v2\/product\/1604","targetHints":{"allow":["GET"]}}],"collection":[{"href":"https:\/\/musakitchenhub.se\/sv\/wp-json\/wp\/v2\/product"}],"about":[{"href":"https:\/\/musakitchenhub.se\/sv\/wp-json\/wp\/v2\/types\/product"}],"version-history":[{"count":2,"href":"https:\/\/musakitchenhub.se\/sv\/wp-json\/wp\/v2\/product\/1604\/revisions"}],"predecessor-version":[{"id":1629,"href":"https:\/\/musakitchenhub.se\/sv\/wp-json\/wp\/v2\/product\/1604\/revisions\/1629"}],"wp:featuredmedia":[{"embeddable":true,"href":"https:\/\/musakitchenhub.se\/sv\/wp-json\/wp\/v2\/media\/1470"}],"wp:attachment":[{"href":"https:\/\/musakitchenhub.se\/sv\/wp-json\/wp\/v2\/media?parent=1604"}],"wp:term":[{"taxonomy":"product_brand","embeddable":true,"href":"https:\/\/musakitchenhub.se\/sv\/wp-json\/wp\/v2\/product_brand?post=1604"},{"taxonomy":"product_cat","embeddable":true,"href":"https:\/\/musakitchenhub.se\/sv\/wp-json\/wp\/v2\/product_cat?post=1604"},{"taxonomy":"product_tag","embeddable":true,"href":"https:\/\/musakitchenhub.se\/sv\/wp-json\/wp\/v2\/product_tag?post=1604"}],"curies":[{"name":"wp","href":"https:\/\/api.w.org\/{rel}","templated":true}]}}