{"id":1999,"date":"2025-06-09T16:34:32","date_gmt":"2025-06-09T14:34:32","guid":{"rendered":"https:\/\/musakitchenhub.se\/?post_type=product&#038;p=1999"},"modified":"2025-06-09T16:58:52","modified_gmt":"2025-06-09T14:58:52","slug":"marmo-piave","status":"publish","type":"product","link":"https:\/\/musakitchenhub.se\/sv\/product\/marmo-piave\/","title":{"rendered":"Marmo Piave"},"content":{"rendered":"<p>Marmo Piave GC 239 \u00e4r en solid yta fr\u00e5n Getacore som rekommenderas f\u00f6r anv\u00e4ndning som k\u00f6ksb\u00e4nkskiva eller f\u00f6r belastade ytor.<\/p>\n","protected":false},"excerpt":{"rendered":"<p><a href=\"https:\/\/www.getacore.com\/en\/\" target=\"_blank\" rel=\"noopener\">Mer information p\u00e5 varum\u00e4rkets webbplats<\/a><\/p>\n","protected":false},"featured_media":2001,"template":"","meta":{"_monsterinsights_skip_tracking":false,"_monsterinsights_sitenote_active":false,"_monsterinsights_sitenote_note":"","_monsterinsights_sitenote_category":0},"product_brand":[],"product_cat":[49],"product_tag":[],"class_list":{"0":"post-1999","1":"product","2":"type-product","3":"status-publish","4":"has-post-thumbnail","6":"product_cat-getacore-sv","8":"first","9":"instock","10":"shipping-taxable","11":"purchasable","12":"product-type-simple"},"_links":{"self":[{"href":"https:\/\/musakitchenhub.se\/sv\/wp-json\/wp\/v2\/product\/1999","targetHints":{"allow":["GET"]}}],"collection":[{"href":"https:\/\/musakitchenhub.se\/sv\/wp-json\/wp\/v2\/product"}],"about":[{"href":"https:\/\/musakitchenhub.se\/sv\/wp-json\/wp\/v2\/types\/product"}],"version-history":[{"count":3,"href":"https:\/\/musakitchenhub.se\/sv\/wp-json\/wp\/v2\/product\/1999\/revisions"}],"predecessor-version":[{"id":2047,"href":"https:\/\/musakitchenhub.se\/sv\/wp-json\/wp\/v2\/product\/1999\/revisions\/2047"}],"wp:featuredmedia":[{"embeddable":true,"href":"https:\/\/musakitchenhub.se\/sv\/wp-json\/wp\/v2\/media\/2001"}],"wp:attachment":[{"href":"https:\/\/musakitchenhub.se\/sv\/wp-json\/wp\/v2\/media?parent=1999"}],"wp:term":[{"taxonomy":"product_brand","embeddable":true,"href":"https:\/\/musakitchenhub.se\/sv\/wp-json\/wp\/v2\/product_brand?post=1999"},{"taxonomy":"product_cat","embeddable":true,"href":"https:\/\/musakitchenhub.se\/sv\/wp-json\/wp\/v2\/product_cat?post=1999"},{"taxonomy":"product_tag","embeddable":true,"href":"https:\/\/musakitchenhub.se\/sv\/wp-json\/wp\/v2\/product_tag?post=1999"}],"curies":[{"name":"wp","href":"https:\/\/api.w.org\/{rel}","templated":true}]}}